{"id":14633,"date":"2024-09-11T16:38:05","date_gmt":"2024-09-11T14:38:05","guid":{"rendered":"https:\/\/kmrelaunch.vpsflex.net\/?page_id=14633"},"modified":"2025-06-18T15:42:02","modified_gmt":"2025-06-18T13:42:02","slug":"teamviewer","status":"publish","type":"page","link":"https:\/\/www.kreativmedia.ch\/fr\/support\/teamviewer\/","title":{"rendered":"TeamViewer"},"content":{"rendered":"<div data-elementor-type=\"wp-page\" data-elementor-id=\"14633\" class=\"elementor elementor-14633\" data-elementor-post-type=\"page\">\n\t\t\t\t<div class=\"elementor-element elementor-element-72ad89da e-flex e-con-boxed e-con e-parent\" data-id=\"72ad89da\" data-element_type=\"container\" data-e-type=\"container\">\n\t\t\t\t\t<div class=\"e-con-inner\">\n\t\t<div class=\"elementor-element elementor-element-559dd5d e-flex e-con-boxed e-con e-child\" data-id=\"559dd5d\" data-element_type=\"container\" data-e-type=\"container\" data-settings=\"{&quot;background_background&quot;:&quot;classic&quot;}\">\n\t\t\t\t\t<div class=\"e-con-inner\">\n\t\t<div class=\"elementor-element elementor-element-2ec77a9 e-con-full e-flex e-con e-child\" data-id=\"2ec77a9\" data-element_type=\"container\" data-e-type=\"container\">\n\t\t\t\t<div class=\"elementor-element elementor-element-8b9487e elementor-widget__width-initial animated-fast elementor-widget elementor-widget-heading\" data-id=\"8b9487e\" data-element_type=\"widget\" data-e-type=\"widget\" data-settings=\"{&quot;_animation&quot;:&quot;none&quot;,&quot;_animation_mobile&quot;:&quot;none&quot;}\" data-widget_type=\"heading.default\">\n\t\t\t\t<div class=\"elementor-widget-container\">\n\t\t\t\t\t<h1 class=\"elementor-heading-title elementor-size-default\">Le moyen rapide d'obtenir une assistance \u00e0 distance<\/h1>\t\t\t\t<\/div>\n\t\t\t\t<\/div>\n\t\t\t\t<div class=\"elementor-element elementor-element-5279861 elementor-widget__width-initial elementor-widget-mobile__width-inherit elementor-widget-tablet__width-initial elementor-widget elementor-widget-text-editor\" data-id=\"5279861\" data-element_type=\"widget\" data-e-type=\"widget\" data-settings=\"{&quot;_animation&quot;:&quot;none&quot;}\" data-widget_type=\"text-editor.default\">\n\t\t\t\t<div class=\"elementor-widget-container\">\n\t\t\t\t\t\t\t\t\t<p>Nous vous aidons rapidement et facilement via une assistance \u00e0 distance directement sur votre ordinateur !<\/p>\t\t\t\t\t\t\t\t<\/div>\n\t\t\t\t<\/div>\n\t\t\t\t<div class=\"elementor-element elementor-element-126519bc elementor-widget__width-initial elementor-tablet-align-center elementor-widget elementor-widget-button\" data-id=\"126519bc\" data-element_type=\"widget\" data-e-type=\"widget\" data-widget_type=\"button.default\">\n\t\t\t\t<div class=\"elementor-widget-container\">\n\t\t\t\t\t\t\t\t\t<div class=\"elementor-button-wrapper\">\n\t\t\t\t\t<a class=\"elementor-button elementor-button-link elementor-size-sm\" href=\"https:\/\/get.teamviewer.com\/de\/6xpyr56\" target=\"_blank\">\n\t\t\t\t\t\t<span class=\"elementor-button-content-wrapper\">\n\t\t\t\t\t\t\t\t\t<span class=\"elementor-button-text\">T\u00e9l\u00e9charger TeamViewer<\/span>\n\t\t\t\t\t<\/span>\n\t\t\t\t\t<\/a>\n\t\t\t\t<\/div>\n\t\t\t\t\t\t\t\t<\/div>\n\t\t\t\t<\/div>\n\t\t\t\t<\/div>\n\t\t\t\t\t<\/div>\n\t\t\t\t<\/div>\n\t\t\t\t\t<\/div>\n\t\t\t\t<\/div>\n\t\t<div class=\"elementor-element elementor-element-7647b66f e-flex e-con-boxed e-con e-parent\" data-id=\"7647b66f\" data-element_type=\"container\" data-e-type=\"container\">\n\t\t\t\t\t<div class=\"e-con-inner\">\n\t\t<div class=\"elementor-element elementor-element-46b9cd0f e-con-full e-flex e-con e-child\" data-id=\"46b9cd0f\" data-element_type=\"container\" data-e-type=\"container\">\n\t\t<div class=\"elementor-element elementor-element-18378907 e-con-full e-flex e-con e-child\" data-id=\"18378907\" data-element_type=\"container\" data-e-type=\"container\">\n\t\t\t\t<div class=\"elementor-element elementor-element-992a18b elementor-widget elementor-widget-heading\" data-id=\"992a18b\" data-element_type=\"widget\" data-e-type=\"widget\" data-widget_type=\"heading.default\">\n\t\t\t\t<div class=\"elementor-widget-container\">\n\t\t\t\t\t<h4 class=\"elementor-heading-title elementor-size-default\">TeamViewer Quick Support<\/h4>\t\t\t\t<\/div>\n\t\t\t\t<\/div>\n\t\t\t\t<div class=\"elementor-element elementor-element-6968dff4 elementor-widget__width-initial elementor-widget-mobile__width-inherit elementor-widget-tablet__width-initial elementor-widget elementor-widget-text-editor\" data-id=\"6968dff4\" data-element_type=\"widget\" data-e-type=\"widget\" data-widget_type=\"text-editor.default\">\n\t\t\t\t<div class=\"elementor-widget-container\">\n\t\t\t\t\t\t\t\t\t<p>T\u00e9l\u00e9chargez notre programme d'assistance \u00e0 distance TeamViewer Quick Support sur votre ordinateur et nous pourrons nous connecter \u00e0 votre \u00e9cran.<\/p>\t\t\t\t\t\t\t\t<\/div>\n\t\t\t\t<\/div>\n\t\t\t\t<div class=\"elementor-element elementor-element-fc2e370 elementor-widget__width-initial elementor-widget-mobile__width-inherit elementor-widget-tablet__width-initial elementor-widget elementor-widget-text-editor\" data-id=\"fc2e370\" data-element_type=\"widget\" data-e-type=\"widget\" data-widget_type=\"text-editor.default\">\n\t\t\t\t<div class=\"elementor-widget-container\">\n\t\t\t\t\t\t\t\t\t<p>Nos techniciens n'ont acc\u00e8s \u00e0 votre syst\u00e8me que tant que le programme est activ\u00e9 chez vous. D\u00e8s que vous fermez la connexion, le transfert est interrompu.<\/p>\t\t\t\t\t\t\t\t<\/div>\n\t\t\t\t<\/div>\n\t\t<div class=\"elementor-element elementor-element-1f9a05e6 animated-fast e-flex e-con-boxed e-con e-child\" data-id=\"1f9a05e6\" data-element_type=\"container\" data-e-type=\"container\" data-settings=\"{&quot;animation&quot;:&quot;none&quot;,&quot;animation_delay&quot;:100}\">\n\t\t\t\t\t<div class=\"e-con-inner\">\n\t\t\t\t<div class=\"elementor-element elementor-element-14174184 elementor-view-default elementor-widget elementor-widget-icon\" data-id=\"14174184\" data-element_type=\"widget\" data-e-type=\"widget\" data-widget_type=\"icon.default\">\n\t\t\t\t<div class=\"elementor-widget-container\">\n\t\t\t\t\t\t\t<div class=\"elementor-icon-wrapper\">\n\t\t\t<div class=\"elementor-icon\">\n\t\t\t<svg xmlns=\"http:\/\/www.w3.org\/2000\/svg\" id=\"uuid-01de9b6d-d8c4-4d49-a5e4-d6eec490fc8e\" viewbox=\"0 0 24 24\"><defs><style>.uuid-99d67d01-b697-49e5-acf2-de8514c15a4f,.uuid-9ad291c6-521f-43c0-953c-d60cda12894f{fill:#000;}.uuid-99d67d01-b697-49e5-acf2-de8514c15a4f,.uuid-ec3426da-61a6-4e1f-93cb-305d299753f2{stroke-width:0px;}.uuid-9ad291c6-521f-43c0-953c-d60cda12894f{font-family:Poppins-ExtraBold, Poppins;font-size:14.5px;font-weight:700;}.uuid-ec3426da-61a6-4e1f-93cb-305d299753f2{fill:#f5d84c;}.uuid-d562d85e-18bc-4ea7-9e4b-755e98dc2140{fill:none;stroke:#000;stroke-width:.5px;}<\/style><\/defs><path class=\"uuid-ec3426da-61a6-4e1f-93cb-305d299753f2\" d=\"M12,.2h0c6.5,0,11.7,5.3,11.7,11.8h0c0,6.5-5.3,11.8-11.7,11.8h0C5.5,23.8.3,18.5.3,12H.3C.3,5.5,5.5.2,12,.2Z\"><\/path><path class=\"uuid-d562d85e-18bc-4ea7-9e4b-755e98dc2140\" d=\"M12,.2h0c6.5,0,11.7,5.3,11.7,11.8h0c0,6.5-5.3,11.8-11.7,11.8h0C5.5,23.8.3,18.5.3,12H.3C.3,5.5,5.5.2,12,.2Z\"><\/path><path class=\"uuid-99d67d01-b697-49e5-acf2-de8514c15a4f\" d=\"M9.8,9.4v-2.7h4.5v10.6h-3v-7.9h-1.5Z\"><\/path><text class=\"uuid-9ad291c6-521f-43c0-953c-d60cda12894f\" transform=\"translate(9.4 -5.2)\"><tspan x=\"0\" y=\"0\">1<\/tspan><\/text><\/svg>\t\t\t<\/div>\n\t\t<\/div>\n\t\t\t\t\t\t<\/div>\n\t\t\t\t<\/div>\n\t\t\t\t<div class=\"elementor-element elementor-element-22ed424f elementor-widget-mobile__width-initial elementor-widget elementor-widget-text-editor\" data-id=\"22ed424f\" data-element_type=\"widget\" data-e-type=\"widget\" data-widget_type=\"text-editor.default\">\n\t\t\t\t<div class=\"elementor-widget-container\">\n\t\t\t\t\t\t\t\t\t<p>T\u00e9l\u00e9chargez et lancez le programme<\/p>\t\t\t\t\t\t\t\t<\/div>\n\t\t\t\t<\/div>\n\t\t\t\t\t<\/div>\n\t\t\t\t<\/div>\n\t\t<div class=\"elementor-element elementor-element-444fe8de animated-fast e-con-full e-flex e-con e-child\" data-id=\"444fe8de\" data-element_type=\"container\" data-e-type=\"container\" data-settings=\"{&quot;animation&quot;:&quot;none&quot;,&quot;animation_delay&quot;:100}\">\n\t\t\t\t<div class=\"elementor-element elementor-element-614c3efc elementor-widget-mobile__width-initial elementor-widget elementor-widget-text-editor\" data-id=\"614c3efc\" data-element_type=\"widget\" data-e-type=\"widget\" data-widget_type=\"text-editor.default\">\n\t\t\t\t<div class=\"elementor-widget-container\">\n\t\t\t\t\t\t\t\t\t<p><em>Pour macOS : <\/em><br \/><em>Veuillez activer les param\u00e8tres de s\u00e9curit\u00e9 n\u00e9cessaires pour que TeamViewer fonctionne correctement.<\/em><\/p>\t\t\t\t\t\t\t\t<\/div>\n\t\t\t\t<\/div>\n\t\t\t\t<\/div>\n\t\t<a class=\"elementor-element elementor-element-5db2297 e-con-full e-flex e-con e-child\" data-id=\"5db2297\" data-element_type=\"container\" data-e-type=\"container\" data-settings=\"{&quot;background_background&quot;:&quot;classic&quot;}\" href=\"https:\/\/help.kreativmedia.ch\/fr\/teamviewer-macos-configurer\" target=\"_blank\">\n\t\t\t\t<div class=\"elementor-element elementor-element-c6ea651 elementor-view-default elementor-widget elementor-widget-icon\" data-id=\"c6ea651\" data-element_type=\"widget\" data-e-type=\"widget\" data-widget_type=\"icon.default\">\n\t\t\t\t<div class=\"elementor-widget-container\">\n\t\t\t\t\t\t\t<div class=\"elementor-icon-wrapper\">\n\t\t\t<div class=\"elementor-icon\">\n\t\t\t<svg xmlns=\"http:\/\/www.w3.org\/2000\/svg\" id=\"uuid-68132943-8901-41db-b629-cc89f2a5ee84\" viewbox=\"0 0 24 24\"><defs><style>.uuid-5425b6ae-4a99-4a54-ad0b-a7c8e789e2ce,.uuid-06a0f0ef-3a8d-4b6c-90c7-9be6ad99ce3a{fill:none;}.uuid-a668988c-b35f-479b-ab00-0965a479a94b{font-family:Poppins-ExtraBold, Poppins;font-size:14.504px;font-weight:700;}.uuid-692959cd-f5b1-4230-a4c2-de123bd158eb{fill:#00afeb;}.uuid-06a0f0ef-3a8d-4b6c-90c7-9be6ad99ce3a{stroke:#00afeb;stroke-width:1.81px;}<\/style><\/defs><path class=\"uuid-5425b6ae-4a99-4a54-ad0b-a7c8e789e2ce\" d=\"M12,.25h0c6.489,0,11.75,5.261,11.75,11.75h0c0,6.489-5.261,11.75-11.75,11.75h0C5.511,23.75.25,18.489.25,12H.25C.25,5.511,5.511.25,12,.25Z\"><\/path><path class=\"uuid-06a0f0ef-3a8d-4b6c-90c7-9be6ad99ce3a\" d=\"M12,1.364h0c5.874,0,10.636,4.762,10.636,10.636h0c0,5.874-4.762,10.636-10.636,10.636h0c-5.874,0-10.636-4.762-10.636-10.636h0C1.364,6.126,6.126,1.364,12,1.364Z\"><\/path><text class=\"uuid-a668988c-b35f-479b-ab00-0965a479a94b\" transform=\"translate(9.435 -5.239)\"><tspan x=\"0\" y=\"0\">?<\/tspan><\/text><path class=\"uuid-692959cd-f5b1-4230-a4c2-de123bd158eb\" d=\"M14.583,7.264c.639.542.958,1.315.958,2.321,0,.88-.293,1.576-.878,2.088-.585.513-1.356.778-2.313.798l-.072,1.06h-2.51l-.087-2.887h1.044c.658,0,1.161-.075,1.509-.225.349-.15.522-.419.522-.806,0-.261-.07-.466-.21-.616-.141-.149-.332-.225-.573-.225-.271,0-.477.08-.617.239s-.21.375-.21.646h-2.684c-.02-.59.104-1.129.37-1.617.266-.488.669-.875,1.211-1.16s1.208-.429,2.002-.429c1.054,0,1.9.271,2.538.812ZM9.832,17.135c-.304-.276-.457-.626-.457-1.052s.152-.778.457-1.06c.305-.28.708-.42,1.211-.42.494,0,.893.14,1.197.42.305.281.457.634.457,1.06,0,.416-.152.764-.457,1.044s-.704.421-1.197.421c-.503,0-.907-.138-1.211-.413Z\"><\/path><\/svg>\t\t\t<\/div>\n\t\t<\/div>\n\t\t\t\t\t\t<\/div>\n\t\t\t\t<\/div>\n\t\t\t\t<div class=\"elementor-element elementor-element-a7c9a17 elementor-widget-mobile__width-initial elementor-widget elementor-widget-text-editor\" data-id=\"a7c9a17\" data-element_type=\"widget\" data-e-type=\"widget\" data-widget_type=\"text-editor.default\">\n\t\t\t\t<div class=\"elementor-widget-container\">\n\t\t\t\t\t\t\t\t\t<p><strong>Comment puis-je installer TeamViewer sous macOS ?<\/strong><\/p>\t\t\t\t\t\t\t\t<\/div>\n\t\t\t\t<\/div>\n\t\t\t\t<\/a>\n\t\t<div class=\"elementor-element elementor-element-bcfbc06 animated-fast e-con-full e-flex e-con e-child\" data-id=\"bcfbc06\" data-element_type=\"container\" data-e-type=\"container\" data-settings=\"{&quot;animation&quot;:&quot;none&quot;,&quot;animation_delay&quot;:100}\">\n\t\t\t\t<div class=\"elementor-element elementor-element-55050dc elementor-widget-divider--view-line elementor-widget elementor-widget-divider\" data-id=\"55050dc\" data-element_type=\"widget\" data-e-type=\"widget\" data-widget_type=\"divider.default\">\n\t\t\t\t<div class=\"elementor-widget-container\">\n\t\t\t\t\t\t\t<div class=\"elementor-divider\">\n\t\t\t<span class=\"elementor-divider-separator\">\n\t\t\t\t\t\t<\/span>\n\t\t<\/div>\n\t\t\t\t\t\t<\/div>\n\t\t\t\t<\/div>\n\t\t\t\t<\/div>\n\t\t<div class=\"elementor-element elementor-element-167b2487 animated-fast e-flex e-con-boxed e-con e-child\" data-id=\"167b2487\" data-element_type=\"container\" data-e-type=\"container\" data-settings=\"{&quot;animation&quot;:&quot;none&quot;,&quot;animation_delay&quot;:100}\">\n\t\t\t\t\t<div class=\"e-con-inner\">\n\t\t\t\t<div class=\"elementor-element elementor-element-346bd5c9 elementor-view-default elementor-widget elementor-widget-icon\" data-id=\"346bd5c9\" data-element_type=\"widget\" data-e-type=\"widget\" data-widget_type=\"icon.default\">\n\t\t\t\t<div class=\"elementor-widget-container\">\n\t\t\t\t\t\t\t<div class=\"elementor-icon-wrapper\">\n\t\t\t<div class=\"elementor-icon\">\n\t\t\t<svg xmlns=\"http:\/\/www.w3.org\/2000\/svg\" id=\"uuid-3eaeec87-427d-4b29-b349-503325548706\" viewbox=\"0 0 24 24\"><defs><style>.uuid-4a5138aa-f14c-45ad-867b-72c02b17e481,.uuid-80ce44c2-55c6-4440-a23d-7c70ff895dba{fill:#000;}.uuid-4a5138aa-f14c-45ad-867b-72c02b17e481,.uuid-84b0fb45-48be-44fe-9375-46823f3555fb{stroke-width:0px;}.uuid-80ce44c2-55c6-4440-a23d-7c70ff895dba{font-family:Poppins-ExtraBold, Poppins;font-size:14.5px;font-weight:700;}.uuid-84b0fb45-48be-44fe-9375-46823f3555fb{fill:#f5d84c;}.uuid-fadadf50-a04c-4808-8921-b32eeffb7ea0{fill:none;stroke:#000;stroke-width:.5px;}<\/style><\/defs><path class=\"uuid-84b0fb45-48be-44fe-9375-46823f3555fb\" d=\"M12,.2h0c6.5,0,11.8,5.3,11.8,11.8h0c0,6.5-5.3,11.8-11.8,11.8h0C5.5,23.8.2,18.5.2,12H.2C.2,5.5,5.5.2,12,.2Z\"><\/path><path class=\"uuid-fadadf50-a04c-4808-8921-b32eeffb7ea0\" d=\"M12,.2h0c6.5,0,11.8,5.3,11.8,11.8h0c0,6.5-5.3,11.8-11.8,11.8h0C5.5,23.8.2,18.5.2,12H.2C.2,5.5,5.5.2,12,.2Z\"><\/path><text class=\"uuid-80ce44c2-55c6-4440-a23d-7c70ff895dba\" transform=\"translate(10.8 -5.1)\"><tspan x=\"0\" y=\"0\">2<\/tspan><\/text><path class=\"uuid-4a5138aa-f14c-45ad-867b-72c02b17e481\" d=\"M10.6,13.3c.6-.5,1.1-1.1,1.5-1.6.4-.6.6-1.1.6-1.6s0-.6-.2-.7c-.1-.2-.3-.3-.6-.3s-.5.1-.7.4c-.2.2-.2.6-.2,1h-2.8c0-.9.2-1.6.6-2.1.3-.6.8-1,1.4-1.2.6-.3,1.2-.4,1.9-.4,1.2,0,2.1.3,2.7.9s.9,1.4.9,2.3-.3,1.9-1,2.8c-.7.9-1.5,1.7-2.5,2.4h3.6v2.3h-7.4v-2.1c.9-.7,1.7-1.4,2.3-1.9Z\"><\/path><\/svg>\t\t\t<\/div>\n\t\t<\/div>\n\t\t\t\t\t\t<\/div>\n\t\t\t\t<\/div>\n\t\t\t\t<div class=\"elementor-element elementor-element-50622f7d elementor-widget-mobile__width-initial elementor-widget elementor-widget-text-editor\" data-id=\"50622f7d\" data-element_type=\"widget\" data-e-type=\"widget\" data-widget_type=\"text-editor.default\">\n\t\t\t\t<div class=\"elementor-widget-container\">\n\t\t\t\t\t\t\t\t\t<p>Donnez-nous ensuite votre ID et votre mot de passe<\/p>\t\t\t\t\t\t\t\t<\/div>\n\t\t\t\t<\/div>\n\t\t\t\t\t<\/div>\n\t\t\t\t<\/div>\n\t\t<div class=\"elementor-element elementor-element-66101918 animated-fast e-con-full e-flex e-con e-child\" data-id=\"66101918\" data-element_type=\"container\" data-e-type=\"container\" data-settings=\"{&quot;animation&quot;:&quot;none&quot;,&quot;animation_delay&quot;:100}\">\n\t\t\t\t<div class=\"elementor-element elementor-element-668c06cf elementor-widget__width-inherit elementor-widget elementor-widget-text-editor\" data-id=\"668c06cf\" data-element_type=\"widget\" data-e-type=\"widget\" data-widget_type=\"text-editor.default\">\n\t\t\t\t<div class=\"elementor-widget-container\">\n\t\t\t\t\t\t\t\t\t<p><em>Chaque connexion est s\u00e9curis\u00e9e par un cryptage SSL 128 bits, qui vous offre le plus haut niveau de s\u00e9curit\u00e9 lors de la transmission de donn\u00e9es sur Internet.<\/em><\/p>\t\t\t\t\t\t\t\t<\/div>\n\t\t\t\t<\/div>\n\t\t\t\t<\/div>\n\t\t\t\t<div class=\"elementor-element elementor-element-56c8d61 elementor-widget__width-inherit elementor-tablet-align-center elementor-align-center elementor-widget elementor-widget-button\" data-id=\"56c8d61\" data-element_type=\"widget\" data-e-type=\"widget\" data-widget_type=\"button.default\">\n\t\t\t\t<div class=\"elementor-widget-container\">\n\t\t\t\t\t\t\t\t\t<div class=\"elementor-button-wrapper\">\n\t\t\t\t\t<a class=\"elementor-button elementor-button-link elementor-size-sm\" href=\"https:\/\/get.teamviewer.com\/de\/6xpyr56\" target=\"_blank\">\n\t\t\t\t\t\t<span class=\"elementor-button-content-wrapper\">\n\t\t\t\t\t\t\t\t\t<span class=\"elementor-button-text\">T\u00e9l\u00e9charger TeamViewer<\/span>\n\t\t\t\t\t<\/span>\n\t\t\t\t\t<\/a>\n\t\t\t\t<\/div>\n\t\t\t\t\t\t\t\t<\/div>\n\t\t\t\t<\/div>\n\t\t\t\t<\/div>\n\t\t<div class=\"elementor-element elementor-element-6b112eb4 e-con-full e-flex e-con e-child\" data-id=\"6b112eb4\" data-element_type=\"container\" data-e-type=\"container\">\n\t\t\t\t<div class=\"elementor-element elementor-element-24e217bc elementor-widget elementor-widget-image\" data-id=\"24e217bc\" data-element_type=\"widget\" data-e-type=\"widget\" data-widget_type=\"image.default\">\n\t\t\t\t<div class=\"elementor-widget-container\">\n\t\t\t\t\t\t\t\t\t\t\t\t\t\t\t<img fetchpriority=\"high\" decoding=\"async\" width=\"270\" height=\"401\" src=\"https:\/\/www.kreativmedia.ch\/wp-content\/uploads\/kreativmedia_teamviewer_v3.png\" class=\"attachment-large size-large wp-image-8719\" alt=\"Capture d&#039;\u00e9cran de la page : TeamViewer\" \/>\t\t\t\t\t\t\t\t\t\t\t\t\t\t\t<\/div>\n\t\t\t\t<\/div>\n\t\t\t\t<\/div>\n\t\t\t\t<\/div>\n\t\t\t\t\t<\/div>\n\t\t\t\t<\/div>\n\t\t\t\t<\/div>","protected":false},"excerpt":{"rendered":"<p>Der schnelle Weg zum Remote-Support Wir helfen dir schnell und unkompliziert \u00fcber eine Fernwartung direkt auf deinem Computer! TeamViewer herunterladen TeamViewer Quick Support Lade dir unser Fernwartungsprogramm TeamViewer Quick Support auf deinen Computer und wir k\u00f6nnen uns auf deinen Bildschirm verbinden. Unsere Techniker haben nur Zugriff auf dein System, solange das Programm bei dir aktiviert [&hellip;]<\/p>\n","protected":false},"author":3,"featured_media":0,"parent":8682,"menu_order":1,"comment_status":"closed","ping_status":"closed","template":"","meta":{"footnotes":""},"class_list":["post-14633","page","type-page","status-publish","hentry"],"_links":{"self":[{"href":"https:\/\/www.kreativmedia.ch\/fr\/wp-json\/wp\/v2\/pages\/14633","targetHints":{"allow":["GET"]}}],"collection":[{"href":"https:\/\/www.kreativmedia.ch\/fr\/wp-json\/wp\/v2\/pages"}],"about":[{"href":"https:\/\/www.kreativmedia.ch\/fr\/wp-json\/wp\/v2\/types\/page"}],"author":[{"embeddable":true,"href":"https:\/\/www.kreativmedia.ch\/fr\/wp-json\/wp\/v2\/users\/3"}],"replies":[{"embeddable":true,"href":"https:\/\/www.kreativmedia.ch\/fr\/wp-json\/wp\/v2\/comments?post=14633"}],"version-history":[{"count":12,"href":"https:\/\/www.kreativmedia.ch\/fr\/wp-json\/wp\/v2\/pages\/14633\/revisions"}],"predecessor-version":[{"id":19480,"href":"https:\/\/www.kreativmedia.ch\/fr\/wp-json\/wp\/v2\/pages\/14633\/revisions\/19480"}],"up":[{"embeddable":true,"href":"https:\/\/www.kreativmedia.ch\/fr\/wp-json\/wp\/v2\/pages\/8682"}],"wp:attachment":[{"href":"https:\/\/www.kreativmedia.ch\/fr\/wp-json\/wp\/v2\/media?parent=14633"}],"curies":[{"name":"wp","href":"https:\/\/api.w.org\/{rel}","templated":true}]}}